{"id":1453,"date":"2025-01-29T09:05:24","date_gmt":"2025-01-29T09:05:24","guid":{"rendered":"https:\/\/ivorycoastfoodexpo.com\/?page_id=1453"},"modified":"2025-01-29T09:25:12","modified_gmt":"2025-01-29T09:25:12","slug":"blog","status":"publish","type":"page","link":"https:\/\/ivorycoastfoodexpo.com\/fr\/blog\/","title":{"rendered":"Blog"},"content":{"rendered":"<div data-elementor-type=\"wp-page\" data-elementor-id=\"1453\" class=\"elementor elementor-1453\">\n\t\t\t\t<div class=\"elementor-element elementor-element-ac3223b e-flex e-con-boxed e-con e-parent\" data-id=\"ac3223b\" data-element_type=\"container\" data-e-type=\"container\" data-settings=\"{&quot;background_background&quot;:&quot;classic&quot;}\">\n\t\t\t\t\t<div class=\"e-con-inner\">\n\t\t<div class=\"elementor-element elementor-element-22fde0a e-con-full e-flex e-con e-child\" data-id=\"22fde0a\" data-element_type=\"container\" data-e-type=\"container\">\n\t\t\t\t<\/div>\n\t\t<div class=\"elementor-element elementor-element-e02fb15 e-con-full e-flex e-con e-child\" data-id=\"e02fb15\" data-element_type=\"container\" data-e-type=\"container\">\n\t\t\t\t<div class=\"elementor-element elementor-element-53becbb elementor-invisible elementor-widget elementor-widget-heading\" data-id=\"53becbb\" data-element_type=\"widget\" data-e-type=\"widget\" data-settings=\"{&quot;_animation&quot;:&quot;fadeInUp&quot;,&quot;_animation_delay&quot;:200}\" data-widget_type=\"heading.default\">\n\t\t\t\t<div class=\"elementor-widget-container\">\n\t\t\t\t\t<h1 class=\"elementor-heading-title elementor-size-default\">Blog<\/h1>\t\t\t\t<\/div>\n\t\t\t\t<\/div>\n\t\t\t\t<div class=\"elementor-element elementor-element-666cbfa elementor-hidden-phone elementor-invisible elementor-widget elementor-widget-text-editor\" data-id=\"666cbfa\" data-element_type=\"widget\" data-e-type=\"widget\" data-settings=\"{&quot;_animation&quot;:&quot;fadeInUp&quot;,&quot;_animation_delay&quot;:400}\" data-widget_type=\"text-editor.default\">\n\t\t\t\t<div class=\"elementor-widget-container\">\n\t\t\t\t\t\t\t\t\tD\u00e9couvrez les derni\u00e8res tendances, innovations et mises \u00e0 jour dans le secteur de l'alimentation et de l'agriculture en C\u00f4te d'Ivoire !\t\t\t\t\t\t\t\t<\/div>\n\t\t\t\t<\/div>\n\t\t\t\t<\/div>\n\t\t<div class=\"elementor-element elementor-element-9165d4f e-con-full e-flex e-con e-child\" data-id=\"9165d4f\" data-element_type=\"container\" data-e-type=\"container\">\n\t\t\t\t<\/div>\n\t\t\t\t\t<\/div>\n\t\t\t\t<\/div>\n\t\t<div class=\"elementor-element elementor-element-6dadcb4 e-flex e-con-boxed e-con e-parent\" data-id=\"6dadcb4\" data-element_type=\"container\" data-e-type=\"container\">\n\t\t\t\t\t<div class=\"e-con-inner\">\n\t\t\t\t<div class=\"elementor-element elementor-element-94b3a4f elementor-widget elementor-widget-wp-widget-recent-posts\" data-id=\"94b3a4f\" data-element_type=\"widget\" data-e-type=\"widget\" data-widget_type=\"wp-widget-recent-posts.default\">\n\t\t\t\t<div class=\"elementor-widget-container\">\n\t\t\t\t\t\n\t\t\n\t\t<h5>Perspectives de l'alimentation et de l'agriculture en C\u00f4te d'Ivoire<\/h5><nav aria-label=\"Perspectives de l&#039;alimentation et de l&#039;agriculture en C\u00f4te d&#039;Ivoire\">\n\t\t<ul>\n\t\t\t\t\t\t\t\t\t\t\t<li>\n\t\t\t\t\t<a href=\"https:\/\/ivorycoastfoodexpo.com\/fr\/i-piu-affidabili-casino-online-con-bonus-di-151\/\">Les casinos en ligne les plus fiables avec bonus de bienvenue et jeux certifi\u00e9s<\/a>\n\t\t\t\t\t\t\t\t\t<\/li>\n\t\t\t\t\t\t\t\t\t\t\t<li>\n\t\t\t\t\t<a href=\"https:\/\/ivorycoastfoodexpo.com\/fr\/koe-pistolo-casinon-ja-vedonlynnin-jnnitys-loputto\/\">Koe Pistolo Casinon ja Vedonly\u00f6nnin j\u00e4nnitys loputtomilla Pelivaihtoehdoilla [930]<\/a>\n\t\t\t\t\t\t\t\t\t<\/li>\n\t\t\t\t\t\t\t\t\t\t\t<li>\n\t\t\t\t\t<a href=\"https:\/\/ivorycoastfoodexpo.com\/fr\/nandrolone-decanoate-200-kljucni-dodatak-za-bodybuilding\/\">Nandrolone Decanoate 200 : Klju\u010dni dodatak za Bodybuilding<\/a>\n\t\t\t\t\t\t\t\t\t<\/li>\n\t\t\t\t\t\t\t\t\t\t\t<li>\n\t\t\t\t\t<a href=\"https:\/\/ivorycoastfoodexpo.com\/fr\/which-types-of-companies-can-exhibit-at-a-food-expo-discover-the-benefits-of-joining-ivory-coast-food-expo\/\">Quels types d'entreprises peuvent exposer \u00e0 un salon de l'alimentation ? D\u00e9couvrez les avantages de participer \u00e0 l'exposition alimentaire de C\u00f4te d'Ivoire<\/a>\n\t\t\t\t\t\t\t\t\t<\/li>\n\t\t\t\t\t\t\t\t\t\t\t<li>\n\t\t\t\t\t<a href=\"https:\/\/ivorycoastfoodexpo.com\/fr\/the-importance-of-international-food-exhibitions-showcasing-innovation-culture-and-opportunity\/\">L'importance des salons internationaux de l'alimentation : Pr\u00e9senter l'innovation, la culture et les opportunit\u00e9s<\/a>\n\t\t\t\t\t\t\t\t\t<\/li>\n\t\t\t\t\t\t\t\t\t\t\t<li>\n\t\t\t\t\t<a href=\"https:\/\/ivorycoastfoodexpo.com\/fr\/the-complete-guide-how-to-dry-fruit-for-healthy-long-lasting-snacks\/\">Le guide complet : Comment s\u00e9cher les fruits pour des en-cas sains et durables<\/a>\n\t\t\t\t\t\t\t\t\t<\/li>\n\t\t\t\t\t\t\t\t\t\t\t<li>\n\t\t\t\t\t<a href=\"https:\/\/ivorycoastfoodexpo.com\/fr\/indispensable-kitchen-machines-every-home-cook-needs\/\">Machines de cuisine indispensables \u00e0 tout cuisinier amateur<\/a>\n\t\t\t\t\t\t\t\t\t<\/li>\n\t\t\t\t\t\t\t\t\t\t\t<li>\n\t\t\t\t\t<a href=\"https:\/\/ivorycoastfoodexpo.com\/fr\/boosting-your-immune-system-the-food-groups-that-protect-and-enhance-immunity\/\">Renforcer votre syst\u00e8me immunitaire : Les groupes d'aliments qui prot\u00e8gent et renforcent l'immunit\u00e9<\/a>\n\t\t\t\t\t\t\t\t\t<\/li>\n\t\t\t\t\t\t\t\t\t\t\t<li>\n\t\t\t\t\t<a href=\"https:\/\/ivorycoastfoodexpo.com\/fr\/how-to-design-your-stand-for-a-food-exhibition-a-comprehensive-guide\/\">Comment concevoir votre stand pour un salon de l'alimentation : Un guide complet<\/a>\n\t\t\t\t\t\t\t\t\t<\/li>\n\t\t\t\t\t\t\t\t\t\t\t<li>\n\t\t\t\t\t<a href=\"https:\/\/ivorycoastfoodexpo.com\/fr\/top-trends-shaping-the-future-of-the-food-exhibition-industry-in-2025\/\">Les principales tendances qui fa\u00e7onneront l'avenir de l'industrie des expositions alimentaires en 2025<\/a>\n\t\t\t\t\t\t\t\t\t<\/li>\n\t\t\t\t\t<\/ul>\n\n\t\t<\/nav>\t\t\t\t<\/div>\n\t\t\t\t<\/div>\n\t\t\t\t\t<\/div>\n\t\t\t\t<\/div>\n\t\t\t\t<\/div>","protected":false},"excerpt":{"rendered":"<p>Blog Discover the latest trends, innovations and updates in the food and agriculture sector in C\u00f4te d&#8217;Ivoire!<\/p>","protected":false},"author":2,"featured_media":0,"parent":0,"menu_order":0,"comment_status":"closed","ping_status":"closed","template":"","meta":{"site-sidebar-layout":"no-sidebar","site-content-layout":"page-builder","ast-site-content-layout":"full-width-container","site-content-style":"default","site-sidebar-style":"default","ast-global-header-display":"","ast-banner-title-visibility":"","ast-main-header-display":"","ast-hfb-above-header-display":"","ast-hfb-below-header-display":"","ast-hfb-mobile-header-display":"","site-post-title":"disabled","ast-breadcrumbs-content":"","ast-featured-img":"disabled","footer-sml-layout":"","ast-disable-related-posts":"","theme-transparent-header-meta":"","adv-header-id-meta":"","stick-header-meta":"","header-above-stick-meta":"","header-main-stick-meta":"","header-below-stick-meta":"","astra-migrate-meta-layouts":"set","ast-page-background-enabled":"default","ast-page-background-meta":{"desktop":{"background-color":"","background-image":"","background-repeat":"repeat","background-position":"center center","background-size":"auto","background-attachment":"scroll","background-type":"","background-media":"","overlay-type":"","overlay-color":"","overlay-opacity":"","overlay-gradient":""},"tablet":{"background-color":"","background-image":"","background-repeat":"repeat","background-position":"center center","background-size":"auto","background-attachment":"scroll","background-type":"","background-media":"","overlay-type":"","overlay-color":"","overlay-opacity":"","overlay-gradient":""},"mobile":{"background-color":"","background-image":"","background-repeat":"repeat","background-position":"center center","background-size":"auto","background-attachment":"scroll","background-type":"","background-media":"","overlay-type":"","overlay-color":"","overlay-opacity":"","overlay-gradient":""}},"ast-content-background-meta":{"desktop":{"background-color":"var(--ast-global-color-5)","background-image":"","background-repeat":"repeat","background-position":"center center","background-size":"auto","background-attachment":"scroll","background-type":"","background-media":"","overlay-type":"","overlay-color":"","overlay-opacity":"","overlay-gradient":""},"tablet":{"background-color":"var(--ast-global-color-5)","background-image":"","background-repeat":"repeat","background-position":"center center","background-size":"auto","background-attachment":"scroll","background-type":"","background-media":"","overlay-type":"","overlay-color":"","overlay-opacity":"","overlay-gradient":""},"mobile":{"background-color":"var(--ast-global-color-5)","background-image":"","background-repeat":"repeat","background-position":"center center","background-size":"auto","background-attachment":"scroll","background-type":"","background-media":"","overlay-type":"","overlay-color":"","overlay-opacity":"","overlay-gradient":""}},"footnotes":""},"class_list":["post-1453","page","type-page","status-publish","hentry"],"_hostinger_reach_plugin_has_subscription_block":false,"_hostinger_reach_plugin_is_elementor":false,"_links":{"self":[{"href":"https:\/\/ivorycoastfoodexpo.com\/fr\/wp-json\/wp\/v2\/pages\/1453","targetHints":{"allow":["GET"]}}],"collection":[{"href":"https:\/\/ivorycoastfoodexpo.com\/fr\/wp-json\/wp\/v2\/pages"}],"about":[{"href":"https:\/\/ivorycoastfoodexpo.com\/fr\/wp-json\/wp\/v2\/types\/page"}],"author":[{"embeddable":true,"href":"https:\/\/ivorycoastfoodexpo.com\/fr\/wp-json\/wp\/v2\/users\/2"}],"replies":[{"embeddable":true,"href":"https:\/\/ivorycoastfoodexpo.com\/fr\/wp-json\/wp\/v2\/comments?post=1453"}],"version-history":[{"count":16,"href":"https:\/\/ivorycoastfoodexpo.com\/fr\/wp-json\/wp\/v2\/pages\/1453\/revisions"}],"predecessor-version":[{"id":1471,"href":"https:\/\/ivorycoastfoodexpo.com\/fr\/wp-json\/wp\/v2\/pages\/1453\/revisions\/1471"}],"wp:attachment":[{"href":"https:\/\/ivorycoastfoodexpo.com\/fr\/wp-json\/wp\/v2\/media?parent=1453"}],"curies":[{"name":"wp","href":"https:\/\/api.w.org\/{rel}","templated":true}]}}